{"id":212,"date":"2026-01-15T19:09:54","date_gmt":"2026-01-15T17:09:54","guid":{"rendered":"https:\/\/at25lmwp.okuserveri.com\/?page_id=212"},"modified":"2026-01-15T19:17:12","modified_gmt":"2026-01-15T17:17:12","slug":"grilliruokaa-helsingissa-hesan-grilli-palvelee-nalkaisia","status":"publish","type":"page","link":"https:\/\/at25lmwp.okuserveri.com\/?page_id=212","title":{"rendered":"Grilliruokaa Helsingiss\u00e4 \u2013 Hesan Grilli palvelee n\u00e4lk\u00e4isi\u00e4"},"content":{"rendered":"\t\t<div data-elementor-type=\"wp-page\" data-elementor-id=\"212\" class=\"elementor elementor-212\">\n\t\t\t\t<div class=\"elementor-element elementor-element-6051496e e-flex e-con-boxed e-con e-parent\" data-id=\"6051496e\" data-element_type=\"container\" data-e-type=\"container\" data-settings=\"{&quot;background_background&quot;:&quot;classic&quot;}\">\n\t\t\t\t\t<div class=\"e-con-inner\">\n\t\t<div class=\"elementor-element elementor-element-62a15a9c e-con-full e-flex e-con e-child\" data-id=\"62a15a9c\" data-element_type=\"container\" data-e-type=\"container\">\n\t\t\t\t<div class=\"elementor-element elementor-element-4fe24d0b elementor-widget elementor-widget-image\" data-id=\"4fe24d0b\" data-element_type=\"widget\" data-e-type=\"widget\" data-widget_type=\"image.default\">\n\t\t\t\t\t\t\t\t\t\t\t\t\t\t\t<img fetchpriority=\"high\" decoding=\"async\" width=\"1024\" height=\"683\" src=\"https:\/\/at25lmwp.okuserveri.com\/wp-content\/uploads\/2026\/01\/restaurant-2576944_1920-1024x683.jpg\" class=\"attachment-large size-large wp-image-224\" alt=\"\" srcset=\"https:\/\/at25lmwp.okuserveri.com\/wp-content\/uploads\/2026\/01\/restaurant-2576944_1920-1024x683.jpg 1024w, https:\/\/at25lmwp.okuserveri.com\/wp-content\/uploads\/2026\/01\/restaurant-2576944_1920-300x200.jpg 300w, https:\/\/at25lmwp.okuserveri.com\/wp-content\/uploads\/2026\/01\/restaurant-2576944_1920-768x512.jpg 768w, https:\/\/at25lmwp.okuserveri.com\/wp-content\/uploads\/2026\/01\/restaurant-2576944_1920-1536x1024.jpg 1536w, https:\/\/at25lmwp.okuserveri.com\/wp-content\/uploads\/2026\/01\/restaurant-2576944_1920.jpg 1920w\" sizes=\"(max-width: 1024px) 100vw, 1024px\" \/>\t\t\t\t\t\t\t\t\t\t\t\t\t\t\t<\/div>\n\t\t\t\t<\/div>\n\t\t<div class=\"elementor-element elementor-element-30db3ef4 e-con-full e-flex e-con e-child\" data-id=\"30db3ef4\" data-element_type=\"container\" data-e-type=\"container\">\n\t\t\t\t<div class=\"elementor-element elementor-element-59a64154 elementor-widget elementor-widget-heading\" data-id=\"59a64154\" data-element_type=\"widget\" data-e-type=\"widget\" data-widget_type=\"heading.default\">\n\t\t\t\t\t<h2 class=\"elementor-heading-title elementor-size-default\">Grilli ruokaa Helsingist\u00e4 - Esan Grilli palvelee n\u00e4lk\u00e4isi\u00e4<\/h2>\t\t\t\t<\/div>\n\t\t\t\t<div class=\"elementor-element elementor-element-26ce2ef3 elementor-widget elementor-widget-text-editor\" data-id=\"26ce2ef3\" data-element_type=\"widget\" data-e-type=\"widget\" data-widget_type=\"text-editor.default\">\n\t\t\t\t\t\t\t\t\t<p>Esan Grilli on perinteinen grilliravintola Grillil\u00e4ss\u00e4, joka tarjoaa rehellist\u00e4 ja maukasta grilliruokaa ilman turhaa hienostelua. Meilt\u00e4 saat tutut klassikot nopeasti ja vaivattomasti, olitpa liikkeell\u00e4 arkena tai viikonloppuna.<\/p><p>Grilliruoka on parhaimmillaan silloin, kun se tehd\u00e4\u00e4n tuoreista raaka-aineista ja valmistetaan vasta tilauksesta. Juuri t\u00e4h\u00e4n Esan Grilli panostaa \u2013 makuun, laatuun ja tasaiseen tekemiseen.<\/p>\t\t\t\t\t\t\t\t<\/div>\n\t\t\t\t<div class=\"elementor-element elementor-element-6bfe11eb elementor-widget elementor-widget-button\" data-id=\"6bfe11eb\" data-element_type=\"widget\" data-e-type=\"widget\" data-widget_type=\"button.default\">\n\t\t\t\t\t\t\t\t\t\t<a class=\"elementor-button elementor-button-link elementor-size-sm\" href=\"#\">\n\t\t\t\t\t\t<span class=\"elementor-button-content-wrapper\">\n\t\t\t\t\t\t\t\t\t<span class=\"elementor-button-text\">Katso Google mapsista<\/span>\n\t\t\t\t\t<\/span>\n\t\t\t\t\t<\/a>\n\t\t\t\t\t\t\t\t<\/div>\n\t\t\t\t<\/div>\n\t\t\t\t\t<\/div>\n\t\t\t\t<\/div>\n\t\t<div class=\"elementor-element elementor-element-b29d823 e-flex e-con-boxed e-con e-parent\" data-id=\"b29d823\" data-element_type=\"container\" data-e-type=\"container\" data-settings=\"{&quot;background_background&quot;:&quot;classic&quot;}\">\n\t\t\t\t\t<div class=\"e-con-inner\">\n\t\t\t\t<div class=\"elementor-element elementor-element-1e5b16a7 elementor-widget elementor-widget-heading\" data-id=\"1e5b16a7\" data-element_type=\"widget\" data-e-type=\"widget\" data-widget_type=\"heading.default\">\n\t\t\t\t\t<h2 class=\"elementor-heading-title elementor-size-default\">Ota Yhteytt\u00e4<\/h2>\t\t\t\t<\/div>\n\t\t\t\t<div class=\"elementor-element elementor-element-278c108e elementor-widget elementor-widget-text-editor\" data-id=\"278c108e\" data-element_type=\"widget\" data-e-type=\"widget\" data-widget_type=\"text-editor.default\">\n\t\t\t\t\t\t\t\t\t<p>Grillintie 33, 33333 grillil\u00e4<\/p><p>333 333 3333<\/p><p>grilli@grilli.fi<\/p><p>Ma-Pe 3.00 pm \u2013 3.00 am<\/p>\t\t\t\t\t\t\t\t<\/div>\n\t\t\t\t\t<\/div>\n\t\t\t\t<\/div>\n\t\t\t\t<\/div>\n\t\t","protected":false},"excerpt":{"rendered":"<p>Grilli ruokaa Helsingist\u00e4 &#8211; Esan Grilli palvelee n\u00e4lk\u00e4isi\u00e4 Esan Grilli on perinteinen grilliravintola Grillil\u00e4ss\u00e4, joka tarjoaa rehellist\u00e4 ja maukasta grilliruokaa [&hellip;]<\/p>\n","protected":false},"author":1,"featured_media":0,"parent":0,"menu_order":0,"comment_status":"closed","ping_status":"closed","template":"","meta":{"site-sidebar-layout":"no-sidebar","site-content-layout":"","ast-site-content-layout":"full-width-container","site-content-style":"default","site-sidebar-style":"default","ast-global-header-display":"","ast-banner-title-visibility":"","ast-main-header-display":"","ast-hfb-above-header-display":"","ast-hfb-below-header-display":"","ast-hfb-mobile-header-display":"","site-post-title":"disabled","ast-breadcrumbs-content":"","ast-featured-img":"disabled","footer-sml-layout":"","ast-disable-related-posts":"","theme-transparent-header-meta":"","adv-header-id-meta":"","stick-header-meta":"","header-above-stick-meta":"","header-main-stick-meta":"","header-below-stick-meta":"","astra-migrate-meta-layouts":"default","ast-page-background-enabled":"default","ast-page-background-meta":{"desktop":{"background-color":"var(--ast-global-color-5)","background-image":"","background-repeat":"repeat","background-position":"center center","background-size":"auto","background-attachment":"scroll","background-type":"","background-media":"","overlay-type":"","overlay-color":"","overlay-opacity":"","overlay-gradient":""},"tablet":{"background-color":"","background-image":"","background-repeat":"repeat","background-position":"center center","background-size":"auto","background-attachment":"scroll","background-type":"","background-media":"","overlay-type":"","overlay-color":"","overlay-opacity":"","overlay-gradient":""},"mobile":{"background-color":"","background-image":"","background-repeat":"repeat","background-position":"center center","background-size":"auto","background-attachment":"scroll","background-type":"","background-media":"","overlay-type":"","overlay-color":"","overlay-opacity":"","overlay-gradient":""}},"ast-content-background-meta":{"desktop":{"background-color":"var(--ast-global-color-4)","background-image":"","background-repeat":"repeat","background-position":"center center","background-size":"auto","background-attachment":"scroll","background-type":"","background-media":"","overlay-type":"","overlay-color":"","overlay-opacity":"","overlay-gradient":""},"tablet":{"background-color":"var(--ast-global-color-4)","background-image":"","background-repeat":"repeat","background-position":"center center","background-size":"auto","background-attachment":"scroll","background-type":"","background-media":"","overlay-type":"","overlay-color":"","overlay-opacity":"","overlay-gradient":""},"mobile":{"background-color":"var(--ast-global-color-4)","background-image":"","background-repeat":"repeat","background-position":"center center","background-size":"auto","background-attachment":"scroll","background-type":"","background-media":"","overlay-type":"","overlay-color":"","overlay-opacity":"","overlay-gradient":""}},"footnotes":""},"class_list":["post-212","page","type-page","status-publish","hentry"],"yoast_head":"<!-- This site is optimized with the Yoast SEO plugin v27.0 - https:\/\/yoast.com\/product\/yoast-seo-wordpress\/ -->\n<title>Grilliruokaa Helsingiss\u00e4 \u2013 Hesan Grilli palvelee n\u00e4lk\u00e4isi\u00e4 -<\/title>\n<meta name=\"robots\" content=\"index, follow, max-snippet:-1, max-image-preview:large, max-video-preview:-1\" \/>\n<link rel=\"canonical\" href=\"https:\/\/at25lmwp.okuserveri.com\/?page_id=212\" \/>\n<meta property=\"og:locale\" content=\"fi_FI\" \/>\n<meta property=\"og:type\" content=\"article\" \/>\n<meta property=\"og:title\" content=\"Grilliruokaa Helsingiss\u00e4 \u2013 Hesan Grilli palvelee n\u00e4lk\u00e4isi\u00e4 -\" \/>\n<meta property=\"og:description\" content=\"Grilli ruokaa Helsingist\u00e4 &#8211; Esan Grilli palvelee n\u00e4lk\u00e4isi\u00e4 Esan Grilli on perinteinen grilliravintola Grillil\u00e4ss\u00e4, joka tarjoaa rehellist\u00e4 ja maukasta grilliruokaa [&hellip;]\" \/>\n<meta property=\"og:url\" content=\"https:\/\/at25lmwp.okuserveri.com\/?page_id=212\" \/>\n<meta property=\"article:modified_time\" content=\"2026-01-15T17:17:12+00:00\" \/>\n<meta property=\"og:image\" content=\"https:\/\/at25lmwp.okuserveri.com\/wp-content\/uploads\/2026\/01\/restaurant-2576944_1920.jpg\" \/>\n\t<meta property=\"og:image:width\" content=\"1920\" \/>\n\t<meta property=\"og:image:height\" content=\"1280\" \/>\n\t<meta property=\"og:image:type\" content=\"image\/jpeg\" \/>\n<meta name=\"twitter:card\" content=\"summary_large_image\" \/>\n<script type=\"application\/ld+json\" class=\"yoast-schema-graph\">{\"@context\":\"https:\/\/schema.org\",\"@graph\":[{\"@type\":\"WebPage\",\"@id\":\"https:\/\/at25lmwp.okuserveri.com\/?page_id=212\",\"url\":\"https:\/\/at25lmwp.okuserveri.com\/?page_id=212\",\"name\":\"Grilliruokaa Helsingiss\u00e4 \u2013 Hesan Grilli palvelee n\u00e4lk\u00e4isi\u00e4 -\",\"isPartOf\":{\"@id\":\"https:\/\/at25lmwp.okuserveri.com\/#website\"},\"primaryImageOfPage\":{\"@id\":\"https:\/\/at25lmwp.okuserveri.com\/?page_id=212#primaryimage\"},\"image\":{\"@id\":\"https:\/\/at25lmwp.okuserveri.com\/?page_id=212#primaryimage\"},\"thumbnailUrl\":\"https:\/\/at25lmwp.okuserveri.com\/wp-content\/uploads\/2026\/01\/restaurant-2576944_1920-1024x683.jpg\",\"datePublished\":\"2026-01-15T17:09:54+00:00\",\"dateModified\":\"2026-01-15T17:17:12+00:00\",\"breadcrumb\":{\"@id\":\"https:\/\/at25lmwp.okuserveri.com\/?page_id=212#breadcrumb\"},\"inLanguage\":\"fi\",\"potentialAction\":[{\"@type\":\"ReadAction\",\"target\":[\"https:\/\/at25lmwp.okuserveri.com\/?page_id=212\"]}]},{\"@type\":\"ImageObject\",\"inLanguage\":\"fi\",\"@id\":\"https:\/\/at25lmwp.okuserveri.com\/?page_id=212#primaryimage\",\"url\":\"https:\/\/at25lmwp.okuserveri.com\/wp-content\/uploads\/2026\/01\/restaurant-2576944_1920.jpg\",\"contentUrl\":\"https:\/\/at25lmwp.okuserveri.com\/wp-content\/uploads\/2026\/01\/restaurant-2576944_1920.jpg\",\"width\":1920,\"height\":1280},{\"@type\":\"BreadcrumbList\",\"@id\":\"https:\/\/at25lmwp.okuserveri.com\/?page_id=212#breadcrumb\",\"itemListElement\":[{\"@type\":\"ListItem\",\"position\":1,\"name\":\"Etusivu\",\"item\":\"https:\/\/at25lmwp.okuserveri.com\/\"},{\"@type\":\"ListItem\",\"position\":2,\"name\":\"Grilliruokaa Helsingiss\u00e4 \u2013 Hesan Grilli palvelee n\u00e4lk\u00e4isi\u00e4\"}]},{\"@type\":\"WebSite\",\"@id\":\"https:\/\/at25lmwp.okuserveri.com\/#website\",\"url\":\"https:\/\/at25lmwp.okuserveri.com\/\",\"name\":\"\",\"description\":\"\",\"potentialAction\":[{\"@type\":\"SearchAction\",\"target\":{\"@type\":\"EntryPoint\",\"urlTemplate\":\"https:\/\/at25lmwp.okuserveri.com\/?s={search_term_string}\"},\"query-input\":{\"@type\":\"PropertyValueSpecification\",\"valueRequired\":true,\"valueName\":\"search_term_string\"}}],\"inLanguage\":\"fi\"}]}<\/script>\n<!-- \/ Yoast SEO plugin. -->","yoast_head_json":{"title":"Grilliruokaa Helsingiss\u00e4 \u2013 Hesan Grilli palvelee n\u00e4lk\u00e4isi\u00e4 -","robots":{"index":"index","follow":"follow","max-snippet":"max-snippet:-1","max-image-preview":"max-image-preview:large","max-video-preview":"max-video-preview:-1"},"canonical":"https:\/\/at25lmwp.okuserveri.com\/?page_id=212","og_locale":"fi_FI","og_type":"article","og_title":"Grilliruokaa Helsingiss\u00e4 \u2013 Hesan Grilli palvelee n\u00e4lk\u00e4isi\u00e4 -","og_description":"Grilli ruokaa Helsingist\u00e4 &#8211; Esan Grilli palvelee n\u00e4lk\u00e4isi\u00e4 Esan Grilli on perinteinen grilliravintola Grillil\u00e4ss\u00e4, joka tarjoaa rehellist\u00e4 ja maukasta grilliruokaa [&hellip;]","og_url":"https:\/\/at25lmwp.okuserveri.com\/?page_id=212","article_modified_time":"2026-01-15T17:17:12+00:00","og_image":[{"width":1920,"height":1280,"url":"https:\/\/at25lmwp.okuserveri.com\/wp-content\/uploads\/2026\/01\/restaurant-2576944_1920.jpg","type":"image\/jpeg"}],"twitter_card":"summary_large_image","schema":{"@context":"https:\/\/schema.org","@graph":[{"@type":"WebPage","@id":"https:\/\/at25lmwp.okuserveri.com\/?page_id=212","url":"https:\/\/at25lmwp.okuserveri.com\/?page_id=212","name":"Grilliruokaa Helsingiss\u00e4 \u2013 Hesan Grilli palvelee n\u00e4lk\u00e4isi\u00e4 -","isPartOf":{"@id":"https:\/\/at25lmwp.okuserveri.com\/#website"},"primaryImageOfPage":{"@id":"https:\/\/at25lmwp.okuserveri.com\/?page_id=212#primaryimage"},"image":{"@id":"https:\/\/at25lmwp.okuserveri.com\/?page_id=212#primaryimage"},"thumbnailUrl":"https:\/\/at25lmwp.okuserveri.com\/wp-content\/uploads\/2026\/01\/restaurant-2576944_1920-1024x683.jpg","datePublished":"2026-01-15T17:09:54+00:00","dateModified":"2026-01-15T17:17:12+00:00","breadcrumb":{"@id":"https:\/\/at25lmwp.okuserveri.com\/?page_id=212#breadcrumb"},"inLanguage":"fi","potentialAction":[{"@type":"ReadAction","target":["https:\/\/at25lmwp.okuserveri.com\/?page_id=212"]}]},{"@type":"ImageObject","inLanguage":"fi","@id":"https:\/\/at25lmwp.okuserveri.com\/?page_id=212#primaryimage","url":"https:\/\/at25lmwp.okuserveri.com\/wp-content\/uploads\/2026\/01\/restaurant-2576944_1920.jpg","contentUrl":"https:\/\/at25lmwp.okuserveri.com\/wp-content\/uploads\/2026\/01\/restaurant-2576944_1920.jpg","width":1920,"height":1280},{"@type":"BreadcrumbList","@id":"https:\/\/at25lmwp.okuserveri.com\/?page_id=212#breadcrumb","itemListElement":[{"@type":"ListItem","position":1,"name":"Etusivu","item":"https:\/\/at25lmwp.okuserveri.com\/"},{"@type":"ListItem","position":2,"name":"Grilliruokaa Helsingiss\u00e4 \u2013 Hesan Grilli palvelee n\u00e4lk\u00e4isi\u00e4"}]},{"@type":"WebSite","@id":"https:\/\/at25lmwp.okuserveri.com\/#website","url":"https:\/\/at25lmwp.okuserveri.com\/","name":"","description":"","potentialAction":[{"@type":"SearchAction","target":{"@type":"EntryPoint","urlTemplate":"https:\/\/at25lmwp.okuserveri.com\/?s={search_term_string}"},"query-input":{"@type":"PropertyValueSpecification","valueRequired":true,"valueName":"search_term_string"}}],"inLanguage":"fi"}]}},"_links":{"self":[{"href":"https:\/\/at25lmwp.okuserveri.com\/index.php?rest_route=\/wp\/v2\/pages\/212","targetHints":{"allow":["GET"]}}],"collection":[{"href":"https:\/\/at25lmwp.okuserveri.com\/index.php?rest_route=\/wp\/v2\/pages"}],"about":[{"href":"https:\/\/at25lmwp.okuserveri.com\/index.php?rest_route=\/wp\/v2\/types\/page"}],"author":[{"embeddable":true,"href":"https:\/\/at25lmwp.okuserveri.com\/index.php?rest_route=\/wp\/v2\/users\/1"}],"replies":[{"embeddable":true,"href":"https:\/\/at25lmwp.okuserveri.com\/index.php?rest_route=%2Fwp%2Fv2%2Fcomments&post=212"}],"version-history":[{"count":6,"href":"https:\/\/at25lmwp.okuserveri.com\/index.php?rest_route=\/wp\/v2\/pages\/212\/revisions"}],"predecessor-version":[{"id":285,"href":"https:\/\/at25lmwp.okuserveri.com\/index.php?rest_route=\/wp\/v2\/pages\/212\/revisions\/285"}],"wp:attachment":[{"href":"https:\/\/at25lmwp.okuserveri.com\/index.php?rest_route=%2Fwp%2Fv2%2Fmedia&parent=212"}],"curies":[{"name":"wp","href":"https:\/\/api.w.org\/{rel}","templated":true}]}}